{"id":35,"date":"2019-02-05T02:01:59","date_gmt":"2019-02-04T23:01:59","guid":{"rendered":"http:\/\/akulusandalyebakim.com\/?post_type=product&#038;p=35"},"modified":"2026-02-13T23:08:01","modified_gmt":"2026-02-13T20:08:01","slug":"2-el-akulu-arac","status":"publish","type":"product","link":"https:\/\/akulusandalyebakim.com\/?product=2-el-akulu-arac","title":{"rendered":"2. El Ak\u00fcl\u00fc Ara\u00e7"},"content":{"rendered":"<p>2. El Ak\u00fcl\u00fc Ara\u00e7<\/p>\n","protected":false},"excerpt":{"rendered":"<p>2. El Ak\u00fcl\u00fc Ara\u00e7<\/p>\n","protected":false},"featured_media":36,"comment_status":"open","ping_status":"closed","template":"","meta":{"spay_email":"","jetpack_publicize_message":"","jetpack_is_tweetstorm":false,"jetpack_publicize_feature_enabled":true},"product_cat":[37],"product_tag":[],"jetpack_publicize_connections":[],"jetpack_sharing_enabled":true,"_links":{"self":[{"href":"https:\/\/akulusandalyebakim.com\/index.php?rest_route=\/wp\/v2\/product\/35"}],"collection":[{"href":"https:\/\/akulusandalyebakim.com\/index.php?rest_route=\/wp\/v2\/product"}],"about":[{"href":"https:\/\/akulusandalyebakim.com\/index.php?rest_route=\/wp\/v2\/types\/product"}],"replies":[{"embeddable":true,"href":"https:\/\/akulusandalyebakim.com\/index.php?rest_route=%2Fwp%2Fv2%2Fcomments&post=35"}],"wp:featuredmedia":[{"embeddable":true,"href":"https:\/\/akulusandalyebakim.com\/index.php?rest_route=\/wp\/v2\/media\/36"}],"wp:attachment":[{"href":"https:\/\/akulusandalyebakim.com\/index.php?rest_route=%2Fwp%2Fv2%2Fmedia&parent=35"}],"wp:term":[{"taxonomy":"product_cat","embeddable":true,"href":"https:\/\/akulusandalyebakim.com\/index.php?rest_route=%2Fwp%2Fv2%2Fproduct_cat&post=35"},{"taxonomy":"product_tag","embeddable":true,"href":"https:\/\/akulusandalyebakim.com\/index.php?rest_route=%2Fwp%2Fv2%2Fproduct_tag&post=35"}],"curies":[{"name":"wp","href":"https:\/\/api.w.org\/{rel}","templated":true}]}}