{"id":387,"date":"2019-03-07T00:12:22","date_gmt":"2019-03-06T21:12:22","guid":{"rendered":"http:\/\/akulusandalyebakim.com\/?post_type=product&#038;p=387"},"modified":"2025-10-05T12:47:34","modified_gmt":"2025-10-05T09:47:34","slug":"motor-sanziman-kaprin-fis-4","status":"publish","type":"product","link":"https:\/\/akulusandalyebakim.com\/?product=motor-sanziman-kaprin-fis-4","title":{"rendered":"Motor, \u015eanz\u0131man, Kaprin, Fi\u015f 4"},"content":{"rendered":"","protected":false},"excerpt":{"rendered":"","protected":false},"featured_media":388,"comment_status":"open","ping_status":"closed","template":"","meta":{"spay_email":"","jetpack_publicize_message":"","jetpack_is_tweetstorm":false,"jetpack_publicize_feature_enabled":true},"product_cat":[40],"product_tag":[],"jetpack_publicize_connections":[],"jetpack_sharing_enabled":true,"_links":{"self":[{"href":"https:\/\/akulusandalyebakim.com\/index.php?rest_route=\/wp\/v2\/product\/387"}],"collection":[{"href":"https:\/\/akulusandalyebakim.com\/index.php?rest_route=\/wp\/v2\/product"}],"about":[{"href":"https:\/\/akulusandalyebakim.com\/index.php?rest_route=\/wp\/v2\/types\/product"}],"replies":[{"embeddable":true,"href":"https:\/\/akulusandalyebakim.com\/index.php?rest_route=%2Fwp%2Fv2%2Fcomments&post=387"}],"wp:featuredmedia":[{"embeddable":true,"href":"https:\/\/akulusandalyebakim.com\/index.php?rest_route=\/wp\/v2\/media\/388"}],"wp:attachment":[{"href":"https:\/\/akulusandalyebakim.com\/index.php?rest_route=%2Fwp%2Fv2%2Fmedia&parent=387"}],"wp:term":[{"taxonomy":"product_cat","embeddable":true,"href":"https:\/\/akulusandalyebakim.com\/index.php?rest_route=%2Fwp%2Fv2%2Fproduct_cat&post=387"},{"taxonomy":"product_tag","embeddable":true,"href":"https:\/\/akulusandalyebakim.com\/index.php?rest_route=%2Fwp%2Fv2%2Fproduct_tag&post=387"}],"curies":[{"name":"wp","href":"https:\/\/api.w.org\/{rel}","templated":true}]}}